{"id":6,"date":"2017-03-21T08:47:54","date_gmt":"2017-03-21T07:47:54","guid":{"rendered":"http:\/\/www.faustins.ch\/wordpress\/?page_id=6"},"modified":"2017-03-21T10:08:13","modified_gmt":"2017-03-21T09:08:13","slug":"contact","status":"publish","type":"page","link":"http:\/\/www.faustins.ch\/wordpress\/index.php\/contact\/","title":{"rendered":"Contact"},"content":{"rendered":"<p>Pour toutes questions relatives au Faustin&rsquo;s Club vous pouvez contacter St\u00e9phane Lambiel au 078 891 9485 ou par\u00a0<a href=\"mailto:phano55@hotmail.com\">E-Mail<br \/>\n<\/a><br \/>\nPour avoir une chance de r\u00e9server le groupe d&rsquo;animation musical pour une de vos soir\u00e9es, f\u00eates, &#8230; adressez-vous \u00e0 Manuel Monnet au\u00a0078 806 4781<\/p>\n","protected":false},"excerpt":{"rendered":"<p>Pour toutes questions relatives au Faustin&rsquo;s Club vous pouvez contacter St\u00e9phane Lambiel au 078 891 9485 ou par\u00a0E-Mail Pour avoir une chance de r\u00e9server le groupe d&rsquo;animation musical pour une de vos soir\u00e9es, f\u00eates, &#8230; adressez-vous \u00e0 Manuel Monnet au\u00a0078 806 4781<\/p>\n","protected":false},"author":1,"featured_media":0,"parent":0,"menu_order":0,"comment_status":"closed","ping_status":"closed","template":"","meta":[],"_links":{"self":[{"href":"http:\/\/www.faustins.ch\/wordpress\/index.php\/wp-json\/wp\/v2\/pages\/6"}],"collection":[{"href":"http:\/\/www.faustins.ch\/wordpress\/index.php\/wp-json\/wp\/v2\/pages"}],"about":[{"href":"http:\/\/www.faustins.ch\/wordpress\/index.php\/wp-json\/wp\/v2\/types\/page"}],"author":[{"embeddable":true,"href":"http:\/\/www.faustins.ch\/wordpress\/index.php\/wp-json\/wp\/v2\/users\/1"}],"replies":[{"embeddable":true,"href":"http:\/\/www.faustins.ch\/wordpress\/index.php\/wp-json\/wp\/v2\/comments?post=6"}],"version-history":[{"count":3,"href":"http:\/\/www.faustins.ch\/wordpress\/index.php\/wp-json\/wp\/v2\/pages\/6\/revisions"}],"predecessor-version":[{"id":46,"href":"http:\/\/www.faustins.ch\/wordpress\/index.php\/wp-json\/wp\/v2\/pages\/6\/revisions\/46"}],"wp:attachment":[{"href":"http:\/\/www.faustins.ch\/wordpress\/index.php\/wp-json\/wp\/v2\/media?parent=6"}],"curies":[{"name":"wp","href":"https:\/\/api.w.org\/{rel}","templated":true}]}}