{"id":53,"date":"2017-03-21T10:13:23","date_gmt":"2017-03-21T09:13:23","guid":{"rendered":"http:\/\/www.faustins.ch\/wordpress\/?page_id=53"},"modified":"2017-05-29T20:48:51","modified_gmt":"2017-05-29T18:48:51","slug":"musiciens","status":"publish","type":"page","link":"http:\/\/www.faustins.ch\/wordpress\/index.php\/musiciens\/","title":{"rendered":"Musiciens"},"content":{"rendered":"<ol>\n<li>Le groupe est compos\u00e9 de six\u00a0cornemuses traditionnelles \u00e9cossaises, un\u00a0tambours et une grosse caisse.<\/li>\n<\/ol>\n<p>Julien dit N\u00e9mo<br \/>\nInstrument: tambour<br \/>\nSp\u00e9cialit\u00e9:\u00a0Le goudron<br \/>\nHobbys: boire des bi\u00e8res et les gros cubes<br \/>\nAnciennet\u00e9:\u00a02004<\/p>\n<p>&nbsp;<\/p>\n<p>&nbsp;<\/p>\n<p>St\u00e9phane dit Polochon<br \/>\nInstrument:\u00a0grosse caisse<br \/>\nSp\u00e9cialit\u00e9: cracheur de feu et pr\u00e9sident du club<br \/>\nHobbys: la boisson, le tir f\u00e9d\u00e9ral, le ski et le ski bar<br \/>\nAnciennet\u00e9:\u00a02006<\/p>\n<p>&nbsp;<\/p>\n<p>Adrien dit Roggo<br \/>\nInstrument: cornemuse<br \/>\nSp\u00e9cialit\u00e9: cracheur de feu et tatouage \u00ab\u00a0Korigan\u00a0\u00bb<br \/>\nHobbys: la moto et la m\u00e9canique, fabriquer de la bi\u00e8re ( La Mule )<br \/>\nAnciennet\u00e9:\u00a02004<\/p>\n<p>&nbsp;<\/p>\n<p>J\u00e9r\u00f4me<br \/>\nInstrument:\u00a0cornemuse \u00e9cossaise<br \/>\nHobbys: le bois , gicler le bois, gravure<br \/>\nAnciennet\u00e9:\u00a02013<\/p>\n<p>&nbsp;<\/p>\n<p>Manuel dit Manu<br \/>\nInstrument: cornemuse<br \/>\nSp\u00e9cialit\u00e9: \u00a0professeur\u00a0de cornemuse<br \/>\nHobbys: 144, les samaritains, la boisson et l&rsquo;aviation<br \/>\nAnciennet\u00e9:\u00a02004<\/p>\n<p>&nbsp;<\/p>\n<p>Xavier dit Sousou<br \/>\nInstrument: cornemuse<br \/>\nSp\u00e9cialit\u00e9: tatouage \u00ab\u00a0Korigan\u00a0\u00bb et 10 ans de solf\u00e8ge<br \/>\nHobbys: le parapente, Sandrine et la Suze<br \/>\nAnciennet\u00e9:\u00a02004<\/p>\n<p>&nbsp;<\/p>\n<p>Valentin dit Fazole<br \/>\nActivit\u00e9:\u00a0porte drapeaux<br \/>\nSp\u00e9cialit\u00e9: Joueur d&rsquo;harmonica<br \/>\nHobbys: la boisson, la p\u00eache la course \u00e0 pied<br \/>\nAnciennet\u00e9:\u00a02014<\/p>\n<p>&nbsp;<\/p>\n<p>Corentin dit Coco<br \/>\nInstrument:\u00a0cornemuse<br \/>\nSp\u00e9cialit\u00e9:\u00a0Poser des conduites<br \/>\nHobbys:\u00a0Vtt et bien sur la boisson<br \/>\nAnciennet\u00e9: 2014<\/p>\n<p>&nbsp;<\/p>\n<p>Jos\u00e9 dit petit molet<br \/>\nInstrument:\u00a0cornemuse<br \/>\nSp\u00e9cialit\u00e9:\u00a0les canons \u00e0 neiges<br \/>\nHobbys: Chasse ,randonn\u00e9e et Lasportiva<br \/>\nAnciennet\u00e9: 2013<\/p>\n<p>&nbsp;<\/p>\n<p>Florian dit le fango<\/p>\n<p>Sp\u00e9cialit\u00e9: Cracheur de feu<\/p>\n<p>Hobbys: La suze, le feraillage, les grosses flammes, les arrangements ext\u00e9rieur<\/p>\n<p>&nbsp;<\/p>\n<p>&nbsp;<\/p>\n<p>Jimmy dit Jim le betonneur<\/p>\n<p>Sp\u00e9cialit\u00e9: Cracheur de feu<\/p>\n<p>Hobbys: Dj ann\u00e9e 80, les enduros bruyantes, le betonnage<\/p>\n<p>&nbsp;<\/p>\n<p>&nbsp;<\/p>\n","protected":false},"excerpt":{"rendered":"<p>Le groupe est compos\u00e9 de six\u00a0cornemuses traditionnelles \u00e9cossaises, un\u00a0tambours et une grosse caisse. Julien dit N\u00e9mo Instrument: tambour Sp\u00e9cialit\u00e9:\u00a0Le goudron Hobbys: boire des bi\u00e8res et les gros cubes Anciennet\u00e9:\u00a02004 &nbsp; &nbsp; St\u00e9phane dit Polochon Instrument:\u00a0grosse caisse Sp\u00e9cialit\u00e9: cracheur de feu et pr\u00e9sident du club Hobbys: la boisson, le tir f\u00e9d\u00e9ral, le ski et le ski &hellip; <\/p>\n<p class=\"link-more\"><a href=\"http:\/\/www.faustins.ch\/wordpress\/index.php\/musiciens\/\" class=\"more-link\">Continuer la lecture<span class=\"screen-reader-text\"> de &laquo;&nbsp;Musiciens&nbsp;&raquo;<\/span><\/a><\/p>\n","protected":false},"author":1,"featured_media":0,"parent":0,"menu_order":0,"comment_status":"closed","ping_status":"closed","template":"","meta":[],"_links":{"self":[{"href":"http:\/\/www.faustins.ch\/wordpress\/index.php\/wp-json\/wp\/v2\/pages\/53"}],"collection":[{"href":"http:\/\/www.faustins.ch\/wordpress\/index.php\/wp-json\/wp\/v2\/pages"}],"about":[{"href":"http:\/\/www.faustins.ch\/wordpress\/index.php\/wp-json\/wp\/v2\/types\/page"}],"author":[{"embeddable":true,"href":"http:\/\/www.faustins.ch\/wordpress\/index.php\/wp-json\/wp\/v2\/users\/1"}],"replies":[{"embeddable":true,"href":"http:\/\/www.faustins.ch\/wordpress\/index.php\/wp-json\/wp\/v2\/comments?post=53"}],"version-history":[{"count":5,"href":"http:\/\/www.faustins.ch\/wordpress\/index.php\/wp-json\/wp\/v2\/pages\/53\/revisions"}],"predecessor-version":[{"id":115,"href":"http:\/\/www.faustins.ch\/wordpress\/index.php\/wp-json\/wp\/v2\/pages\/53\/revisions\/115"}],"wp:attachment":[{"href":"http:\/\/www.faustins.ch\/wordpress\/index.php\/wp-json\/wp\/v2\/media?parent=53"}],"curies":[{"name":"wp","href":"https:\/\/api.w.org\/{rel}","templated":true}]}}